{"id":2,"date":"2016-05-10T03:48:21","date_gmt":"2016-05-10T03:48:21","guid":{"rendered":"http:\/\/amrum-ankerplatz.de\/?page_id=2"},"modified":"2019-11-17T18:58:16","modified_gmt":"2019-11-17T18:58:16","slug":"sample-page","status":"publish","type":"page","link":"https:\/\/amrum-ankerplatz.de\/","title":{"rendered":"Startseite"},"content":{"rendered":"<p>[et_pb_section fb_built=&#8220;1&#8243; fullwidth=&#8220;on&#8220; _builder_version=&#8220;3.26.1&#8243;][et_pb_fullwidth_image src=&#8220;http:\/\/amrum-ankerplatz.de\/wp-content\/uploads\/2019\/07\/Headder.jpg&#8220; _builder_version=&#8220;3.26.1&#8243; min_height=&#8220;92px&#8220; custom_padding=&#8220;23px||16px|||&#8220;][\/et_pb_fullwidth_image][\/et_pb_section][et_pb_section fb_built=&#8220;1&#8243; fullwidth=&#8220;on&#8220; _builder_version=&#8220;3.26.1&#8243;][et_pb_fullwidth_slider _builder_version=&#8220;3.26.1&#8243; animation_style=&#8220;fade&#8220; animation_duration=&#8220;1450ms&#8220; auto=&#8220;on&#8220; auto_speed=&#8220;5000&#8243; auto_ignore_hover=&#8220;on&#8220;][et_pb_slide _builder_version=&#8220;3.26.1&#8243; background_image=&#8220;http:\/\/amrum-ankerplatz.de\/wp-content\/uploads\/2019\/07\/IMG_5297-3.jpg&#8220; background_enable_image=&#8220;on&#8220;][\/et_pb_slide][et_pb_slide _builder_version=&#8220;3.26.1&#8243; background_image=&#8220;http:\/\/amrum-ankerplatz.de\/wp-content\/uploads\/2019\/07\/IMG_5281-3.jpg&#8220; background_enable_image=&#8220;on&#8220;][\/et_pb_slide][et_pb_slide _builder_version=&#8220;3.26.1&#8243; background_image=&#8220;http:\/\/amrum-ankerplatz.de\/wp-content\/uploads\/2019\/07\/IMG_5288-3.jpg&#8220; background_enable_image=&#8220;on&#8220;][\/et_pb_slide][et_pb_slide _builder_version=&#8220;3.26.1&#8243; background_image=&#8220;http:\/\/amrum-ankerplatz.de\/wp-content\/uploads\/2019\/07\/IMG_5274-3.jpg&#8220; background_enable_image=&#8220;on&#8220;][\/et_pb_slide][et_pb_slide _builder_version=&#8220;3.26.1&#8243; background_image=&#8220;http:\/\/amrum-ankerplatz.de\/wp-content\/uploads\/2019\/07\/IMG_5294-3.jpg&#8220; background_enable_image=&#8220;on&#8220;][\/et_pb_slide][et_pb_slide _builder_version=&#8220;3.26.1&#8243; background_image=&#8220;http:\/\/amrum-ankerplatz.de\/wp-content\/uploads\/2019\/07\/IMG_5289-3.jpg&#8220; background_enable_image=&#8220;on&#8220;][\/et_pb_slide][\/et_pb_fullwidth_slider][\/et_pb_section][et_pb_section fb_built=&#8220;1&#8243; _builder_version=&#8220;3.22&#8243; custom_padding=&#8220;2px|||||&#8220;][et_pb_row _builder_version=&#8220;3.25&#8243; background_size=&#8220;initial&#8220; background_position=&#8220;top_left&#8220; background_repeat=&#8220;repeat&#8220;][et_pb_column type=&#8220;4_4&#8243; _builder_version=&#8220;3.25&#8243; custom_padding=&#8220;|||&#8220; custom_padding__hover=&#8220;|||&#8220;][et_pb_text _builder_version=&#8220;3.26.1&#8243; background_size=&#8220;initial&#8220; background_position=&#8220;top_left&#8220; background_repeat=&#8220;repeat&#8220; custom_padding=&#8220;||0px|||&#8220;]<\/p>\n<h3>Herzlich Willkommen in unserem Ankerplatz<\/h3>\n<p>&nbsp;<\/p>\n<p>Sch\u00f6n, dass Sie sich f\u00fcr unsere Ferienwohnung in Wittd\u00fcn auf Amrum interessieren. Im alt eingesessenen Haus am Kurpark befindet sich unsere kleine, liebevoll eingerichtete 38 m\u00b2 Ferienwohnung f\u00fcr 1-4 Personen mit gro\u00dfem S\u00fcdbalkon.<\/p>\n<p>Ob Sie allein, oder auch zu viert reisen, in unserer Wohnung k\u00f6nnen Sie die Seele baumeln lassen und Ihren Amrum Urlaub zu jeder Jahreszeit in vollen Z\u00fcgen genie\u00dfen. Erleben Sie einen von Europas gr\u00f6\u00dften und breitesten feinsandigen Str\u00e4nden hautnah.<\/p>\n<p>&nbsp;<\/p>\n<p>[\/et_pb_text][\/et_pb_column][\/et_pb_row][\/et_pb_section]<\/p>\n","protected":false},"excerpt":{"rendered":"<p>Herzlich Willkommen in unserem Ankerplatz &nbsp; Sch\u00f6n, dass Sie sich f\u00fcr unsere Ferienwohnung in Wittd\u00fcn auf Amrum interessieren. Im alt eingesessenen Haus am Kurpark befindet sich unsere kleine, liebevoll eingerichtete 38 m\u00b2 Ferienwohnung f\u00fcr 1-4 Personen mit gro\u00dfem S\u00fcdbalkon. Ob Sie allein, oder auch zu viert reisen, in unserer Wohnung k\u00f6nnen Sie die Seele baumeln [&hellip;]<\/p>\n","protected":false},"author":1,"featured_media":0,"parent":0,"menu_order":0,"comment_status":"closed","ping_status":"closed","template":"","meta":{"_et_pb_use_builder":"on","_et_pb_old_content":"This is an example page. It's different from a blog post because it will stay in one place and will show up in your site navigation (in most themes). Most people start with an About page that introduces them to potential site visitors. It might say something like this:\n<blockquote>Hi there! I'm a bike messenger by day, aspiring actor by night, and this is my website. I live in Los Angeles, have a great dog named Jack, and I like pi\u00f1a coladas. (And gettin' caught in the rain.)<\/blockquote>\n...or something like this:\n<blockquote>The XYZ Doohickey Company was founded in 1971, and has been providing quality doohickeys to the public ever since. Located in Gotham City, XYZ employs over 2,000 people and does all kinds of awesome things for the Gotham community.<\/blockquote>\nAs a new WordPress user, you should go to <a href=\"http:\/\/amrum-ankerplatz.de\/wp-admin\/\">your dashboard<\/a> to delete this page and create new pages for your content. Have fun!","_et_gb_content_width":"","footnotes":""},"class_list":["post-2","page","type-page","status-publish","hentry"],"_links":{"self":[{"href":"https:\/\/amrum-ankerplatz.de\/index.php?rest_route=\/wp\/v2\/pages\/2"}],"collection":[{"href":"https:\/\/amrum-ankerplatz.de\/index.php?rest_route=\/wp\/v2\/pages"}],"about":[{"href":"https:\/\/amrum-ankerplatz.de\/index.php?rest_route=\/wp\/v2\/types\/page"}],"author":[{"embeddable":true,"href":"https:\/\/amrum-ankerplatz.de\/index.php?rest_route=\/wp\/v2\/users\/1"}],"replies":[{"embeddable":true,"href":"https:\/\/amrum-ankerplatz.de\/index.php?rest_route=%2Fwp%2Fv2%2Fcomments&post=2"}],"version-history":[{"count":10,"href":"https:\/\/amrum-ankerplatz.de\/index.php?rest_route=\/wp\/v2\/pages\/2\/revisions"}],"predecessor-version":[{"id":159,"href":"https:\/\/amrum-ankerplatz.de\/index.php?rest_route=\/wp\/v2\/pages\/2\/revisions\/159"}],"wp:attachment":[{"href":"https:\/\/amrum-ankerplatz.de\/index.php?rest_route=%2Fwp%2Fv2%2Fmedia&parent=2"}],"curies":[{"name":"wp","href":"https:\/\/api.w.org\/{rel}","templated":true}]}}